{"id":16,"date":"2020-06-08T11:19:43","date_gmt":"2020-06-08T11:19:43","guid":{"rendered":"http:\/\/ruhiger-ort.de\/?page_id=16"},"modified":"2021-06-24T13:53:12","modified_gmt":"2021-06-24T13:53:12","slug":"16-2","status":"publish","type":"page","link":"https:\/\/ruhiger-ort.de\/","title":{"rendered":"Home"},"content":{"rendered":"<p>[et_pb_section fb_built=&#8220;1&#8243; _builder_version=&#8220;4.1&#8243; custom_padding=&#8220;||4px|||&#8220;][et_pb_row _builder_version=&#8220;4.1&#8243;][et_pb_column type=&#8220;4_4&#8243; _builder_version=&#8220;4.1&#8243;][et_pb_text _builder_version=&#8220;4.4.8&#8243; hover_enabled=&#8220;0&#8243;]<\/p>\n<div class=\"et_pb_module et_pb_text et_pb_text_0  et_pb_text_align_left et_pb_bg_layout_light\">\n<div class=\"et_pb_text_inner\">\n<h3>Angebot zur Erholung mit Besinnung f\u00fcr Christen!<\/h3>\n<p>Topp Neubauwohnung in wundersch\u00f6ner gr\u00fcner Lage, herrlicher Aussicht, verkehrsg\u00fcnstig gelegen an einem ruhigen Ort.<br \/> Gute Verkehrsverbindung und Infrastruktur.<\/p>\n<p>3 Zimmer, K\u00fcche, Bad, 56qm (Bodenfl\u00e4che), voll m\u00f6biliert im Obergeschoss eines 2-Familien Hauses<br \/> mit separatem Eingang. WLAN, Fernsehapparat, Stereoanlage, Sp\u00fclmaschine und Mikrowelle vorhanden.<\/p>\n<p>Unkostenpreis 50 Euro\/Woche<br \/> zzgl. 20 Euro Endreinigung (wenn nicht selbst durchgef\u00fchrt).<\/p>\n<p>Haben Sie interesse an dieser sch\u00f6nen Wohnung und m\u00f6chten Sie mehr dar\u00fcber erfahren?<br \/> Bitte melden Sie sich bei:<br \/> Ute und Thomas Hiltl, Walter-Sondermann Str.4 , 58256 Ennepetal<br \/> Tel.: 02333 74141 (AB)<br \/>Mob.: 0160 8135794<br \/> E-Mail: thomas-hiltl@gmx.de<\/p>\n<\/div>\n<\/div>\n<p>[\/et_pb_text][\/et_pb_column][\/et_pb_row][\/et_pb_section][et_pb_section fb_built=&#8220;1&#8243; _builder_version=&#8220;4.1&#8243; custom_padding=&#8220;0px|||||&#8220;][et_pb_row _builder_version=&#8220;4.1&#8243;][et_pb_column type=&#8220;4_4&#8243; _builder_version=&#8220;4.1&#8243;][et_pb_gallery gallery_ids=&#8220;21,20,23,22,24,19,25,26,27,28,29,30,31&#8243; fullwidth=&#8220;on&#8220; hover_icon=&#8220;%%40%%&#8220; _builder_version=&#8220;4.4.8&#8243; border_radii=&#8220;on|1px|1px|1px|1px&#8220; border_width_all=&#8220;1px&#8220;][\/et_pb_gallery][\/et_pb_column][\/et_pb_row][\/et_pb_section]<\/p>\n","protected":false},"excerpt":{"rendered":"<p>Angebot zur Erholung mit Besinnung f\u00fcr Christen! Topp Neubauwohnung in wundersch\u00f6ner gr\u00fcner Lage, herrlicher Aussicht, verkehrsg\u00fcnstig gelegen an einem ruhigen Ort. Gute Verkehrsverbindung und Infrastruktur. 3 Zimmer, K\u00fcche, Bad, 56qm (Bodenfl\u00e4che), voll m\u00f6biliert im Obergeschoss eines 2-Familien Hauses mit separatem Eingang. WLAN, Fernsehapparat, Stereoanlage, Sp\u00fclmaschine und Mikrowelle vorhanden. Unkostenpreis 50 Euro\/Woche zzgl. 20 Euro Endreinigung [&hellip;]<\/p>\n","protected":false},"author":1,"featured_media":0,"parent":0,"menu_order":0,"comment_status":"closed","ping_status":"closed","template":"","meta":{"_et_pb_use_builder":"on","_et_pb_old_content":"","_et_gb_content_width":"","footnotes":""},"class_list":["post-16","page","type-page","status-publish","hentry"],"_links":{"self":[{"href":"https:\/\/ruhiger-ort.de\/index.php?rest_route=\/wp\/v2\/pages\/16","targetHints":{"allow":["GET"]}}],"collection":[{"href":"https:\/\/ruhiger-ort.de\/index.php?rest_route=\/wp\/v2\/pages"}],"about":[{"href":"https:\/\/ruhiger-ort.de\/index.php?rest_route=\/wp\/v2\/types\/page"}],"author":[{"embeddable":true,"href":"https:\/\/ruhiger-ort.de\/index.php?rest_route=\/wp\/v2\/users\/1"}],"replies":[{"embeddable":true,"href":"https:\/\/ruhiger-ort.de\/index.php?rest_route=%2Fwp%2Fv2%2Fcomments&post=16"}],"version-history":[{"count":8,"href":"https:\/\/ruhiger-ort.de\/index.php?rest_route=\/wp\/v2\/pages\/16\/revisions"}],"predecessor-version":[{"id":57,"href":"https:\/\/ruhiger-ort.de\/index.php?rest_route=\/wp\/v2\/pages\/16\/revisions\/57"}],"wp:attachment":[{"href":"https:\/\/ruhiger-ort.de\/index.php?rest_route=%2Fwp%2Fv2%2Fmedia&parent=16"}],"curies":[{"name":"wp","href":"https:\/\/api.w.org\/{rel}","templated":true}]}}